{"id":1547,"date":"2025-11-18T09:40:30","date_gmt":"2025-11-18T08:40:30","guid":{"rendered":"https:\/\/santosjuanesvalencia.com\/aviso-legal\/"},"modified":"2026-02-27T12:07:09","modified_gmt":"2026-02-27T11:07:09","slug":"avviso-legale","status":"publish","type":"page","link":"https:\/\/santosjuanesvalencia.com\/it\/avviso-legale\/","title":{"rendered":"Aviso Legal"},"content":{"rendered":"\n\t<section class=\"section\" id=\"section_210585660\">\n\t\t<div class=\"section-bg fill\" >\n\t\t\t\t\t\t\t\t\t\n\t\t\t\n\n\t\t<\/div>\n\n\t\t\n\n\t\t<div class=\"section-content relative\">\n\t\t\t\n\t<div id=\"gap-507658629\" class=\"gap-element clearfix\" style=\"display:block; height:auto;\">\n\t\t\n<style>\n#gap-507658629 {\n  padding-top: 60px;\n}\n<\/style>\n\t<\/div>\n\t\n<div class=\"row\"  id=\"row-1222325141\">\n\n\t<div id=\"col-1260169590\" class=\"col small-12 large-12\"  >\n\t\t\t\t<div class=\"col-inner\"  >\n\t\t\t\n\t\t\t\n\t<div id=\"text-3529490962\" class=\"text doubled-font txt-m-0\">\n\t\t\n<h1>Avviso legale<\/h1>\n\t\t\n<style>\n#text-3529490962 {\n  font-size: 1.75rem;\n  line-height: 1.1;\n}\n@media (min-width:550px) {\n  #text-3529490962 {\n    font-size: 2rem;\n  }\n}\n@media (min-width:850px) {\n  #text-3529490962 {\n    font-size: 1.5rem;\n  }\n}\n<\/style>\n\t<\/div>\n\t\n\t\t<\/div>\n\t\t\t\t\t<\/div>\n\n\t\n<\/div>\n\t<div id=\"gap-1901340196\" class=\"gap-element clearfix\" style=\"display:block; height:auto;\">\n\t\t\n<style>\n#gap-1901340196 {\n  padding-top: 60px;\n}\n<\/style>\n\t<\/div>\n\t\n\t<div id=\"text-1302220380\" class=\"text\">\n\t\t\n<p>Il sito web https:\/\/santosjuanesvalencia.com\/ \u00e8 di propriet\u00e0 della Parrocchia Reale di Santos Juanes, con sede in Pla\u00e7a del Mercat s\/n, telefono 963916354 e indirizzo e-mail di contatto: valenciasantosjuanes@archivalencia.es. (Di seguito, \u201cla Parrocchia\u201d)<\/p>\n\t\t\n<style>\n#text-1302220380 {\n  font-size: 1.375rem;\n}\n<\/style>\n\t<\/div>\n\t\n\t<div id=\"text-337688026\" class=\"text\">\n\t\t\n<h2><span class=\"ez-toc-section\" id=\"Oggetto\"><\/span>Oggetto<span class=\"ez-toc-section-end\"><\/span><\/h2>\n<p>Il presente avviso legale disciplina l&#8217;uso e l&#8217;accesso al sito web della Parrocchia, il cui scopo \u00e8 fornire informazioni sulle attivit\u00e0 liturgiche e pastorali, notizie, orari delle messe e avvisi della comunit\u00e0 parrocchiale, oltre a informazioni storico-artistiche sul monumento e sulle attivit\u00e0 e visite culturali.<\/p>\n\t\t\n<style>\n#text-337688026 {\n  font-size: 1.375rem;\n}\n<\/style>\n\t<\/div>\n\t\n\t<div id=\"text-2264566535\" class=\"text\">\n\t\t\n<h2><span class=\"ez-toc-section\" id=\"Normativa_applicabile\"><\/span>Normativa applicabile<span class=\"ez-toc-section-end\"><\/span><\/h2>\n<p>Il servizio \u00e8 fornito in conformit\u00e0 alla normativa spagnola e dell&#8217;Unione Europea in materia di servizi della societ\u00e0 dell&#8217;informazione, protezione dei dati e comunicazioni elettroniche, tra le altre:<\/p>\n<ul>\n<li>Legge 34\/2002, sui servizi della societ\u00e0 dell&#8217;informazione e sul commercio elettronico (LSSI).<\/li>\n<li>Regolamento (UE) 2016\/679 (GDPR).<\/li>\n<li>Legge Organica 3\/2018 sulla Protezione dei Dati Personali e garanzia dei diritti digitali (LOPDGDD).<\/li>\n<\/ul>\n\t\t\n<style>\n#text-2264566535 {\n  font-size: 1.375rem;\n}\n<\/style>\n\t<\/div>\n\t\n\t<div id=\"text-1427893865\" class=\"text\">\n\t\t\n<h2><span class=\"ez-toc-section\" id=\"Diritti_delle_persone\"><\/span>Diritti delle persone<span class=\"ez-toc-section-end\"><\/span><\/h2>\n<p>Le persone hanno, in ogni caso, i diritti riconosciuti dal GDPR: accesso, rettifica, cancellazione, limitazione, opposizione e portabilit\u00e0, nonch\u00e9 il diritto di presentare reclamo presso l&#8217;Agenzia Spagnola per la Protezione dei Dati (AEPD) se ritengono violati i propri diritti. Per qualsiasi esercizio dei diritti o richiesta di informazioni: contattare via e-mail a valenciasantosjuanes@archivalencia.es o per iscritto all&#8217;indirizzo della Parrocchia.<\/p>\n\t\t\n<style>\n#text-1427893865 {\n  font-size: 1.375rem;\n}\n<\/style>\n\t<\/div>\n\t\n\t<div id=\"text-1858106021\" class=\"text\">\n\t\t\n<h2><span class=\"ez-toc-section\" id=\"Politica_sui_cookie\"><\/span>Politica sui cookie<span class=\"ez-toc-section-end\"><\/span><\/h2>\n<p>Il sito utilizza solo cookie strettamente necessari per il funzionamento tecnico di base del sito (ad esempio: mantenere la navigazione durante la sessione dell&#8217;utente mentre \u00e8 sul sito). Non vengono installati cookie di analisi, pubblicit\u00e0 o profilazione dell&#8217;utente. I cookie strettamente necessari non richiedono il consenso preventivo dell&#8217;utente secondo la normativa e le linee guida dell&#8217;AEPD, purch\u00e9 siano effettivamente indispensabili per la fornitura del servizio richiesto.<\/p>\n<h3>Che tipo di cookie utilizziamo?<\/h3>\n<p>Cookie tecnici e di sessione: necessari affinch\u00e9 la navigazione funzioni correttamente (ad es. cookie di sessione che scadono alla chiusura del browser).<\/p>\n<p>Non installiamo cookie di terze parti per tracciamento\/analisi o pubblicitari (se in futuro saranno attivati, sar\u00e0 fornita informazione e richiesto il consenso).<\/p>\n<h3>Come disattivare i cookie<\/h3>\n<p>Puoi configurare o bloccare i cookie tramite le opzioni del tuo browser; tieni presente che disattivare i cookie tecnici pu\u00f2 influire sul corretto funzionamento del sito. Per maggiori informazioni e per conoscere esattamente quali cookie utilizza questo sito (nomi e durata), consulta la Politica completa sui Cookie riportata pi\u00f9 sotto o contatta valenciasantosjuanes@archivalencia.es.<\/p>\n\t\t\n<style>\n#text-1858106021 {\n  font-size: 1.375rem;\n}\n<\/style>\n\t<\/div>\n\t\n\t<div id=\"text-3322309187\" class=\"text\">\n\t\t\n<h2><span class=\"ez-toc-section\" id=\"Proprieta_intellettuale\"><\/span>Propriet\u00e0 intellettuale<span class=\"ez-toc-section-end\"><\/span><\/h2>\n<p>I contenuti (testi, immagini, loghi) presenti su questo sito sono di propriet\u00e0 della Parrocchia o utilizzati con autorizzazione. La loro riproduzione totale o parziale, distribuzione o comunicazione al pubblico richiede previa autorizzazione scritta del titolare, salvo per uso strettamente privato.<\/p>\n\t\t\n<style>\n#text-3322309187 {\n  font-size: 1.375rem;\n}\n<\/style>\n\t<\/div>\n\t\n\t<div id=\"text-3411692911\" class=\"text\">\n\t\t\n<h2><span class=\"ez-toc-section\" id=\"Limitazione_di_responsabilita\"><\/span>Limitazione di responsabilit\u00e0<span class=\"ez-toc-section-end\"><\/span><\/h2>\n<p>La Parrocchia non \u00e8 responsabile per eventuali danni derivanti dall&#8217;accesso a link di terzi, contenuti altrui, errori tipografici o dalla disponibilit\u00e0 temporanea del sito. Viene fatto il massimo impegno per mantenere le informazioni aggiornate e veritiere.<\/p>\n\t\t\n<style>\n#text-3411692911 {\n  font-size: 1.375rem;\n}\n<\/style>\n\t<\/div>\n\t\n\t<div id=\"text-3140913444\" class=\"text\">\n\t\t\n<h2><span class=\"ez-toc-section\" id=\"Sicurezza\"><\/span>Sicurezza<span class=\"ez-toc-section-end\"><\/span><\/h2>\n<p>Vengono adottate misure tecniche e organizzative ragionevoli per proteggere la sicurezza del sito web e, se del caso, dei dati personali che potrebbero essere raccolti in futuro. Tuttavia, la sicurezza assoluta non esiste su Internet; gli utenti devono prestare la massima cautela quando condividono informazioni.<\/p>\n\t\t\n<style>\n#text-3140913444 {\n  font-size: 1.375rem;\n}\n<\/style>\n\t<\/div>\n\t\n\t<div id=\"text-904249029\" class=\"text\">\n\t\t\n<h2><span class=\"ez-toc-section\" id=\"Legge_applicabile_e_giurisdizione\"><\/span>Legge applicabile e giurisdizione<span class=\"ez-toc-section-end\"><\/span><\/h2>\n<p>I rapporti tra gli utenti e la Parrocchia saranno regolati dalla normativa spagnola ed europea. Per la risoluzione delle controversie, le parti si sottomettono ai tribunali di Valencia, salvo diversa disposizione prevista dalla normativa applicabile.<\/p>\n\t\t\n<style>\n#text-904249029 {\n  font-size: 1.375rem;\n}\n<\/style>\n\t<\/div>\n\t\n\t\t<\/div>\n\n\t\t\n<style>\n#section_210585660 {\n  padding-top: 0px;\n  padding-bottom: 0px;\n}\n<\/style>\n\t<\/section>\n\t\n","protected":false},"excerpt":{"rendered":"","protected":false},"author":1,"featured_media":0,"parent":0,"menu_order":1000,"comment_status":"closed","ping_status":"closed","template":"","meta":{"footnotes":""},"class_list":["post-1547","page","type-page","status-publish","hentry"],"yoast_head":"<!-- This site is optimized with the Yoast SEO plugin v27.3 - https:\/\/yoast.com\/product\/yoast-seo-wordpress\/ -->\n<title>Aviso Legal | Real Parroquia Santos Juanes Valencia<\/title>\n<meta name=\"robots\" content=\"noindex, follow\" \/>\n<meta property=\"og:locale\" content=\"it_IT\" \/>\n<meta property=\"og:type\" content=\"article\" \/>\n<meta property=\"og:title\" content=\"Aviso Legal | Real Parroquia Santos Juanes Valencia\" \/>\n<meta property=\"og:url\" content=\"https:\/\/santosjuanesvalencia.com\/it\/avviso-legale\/\" \/>\n<meta property=\"og:site_name\" content=\"Real Parroquia Santos Juanes Valencia\" \/>\n<meta property=\"article:publisher\" content=\"https:\/\/www.facebook.com\/santosjuanesvalencia\/\" \/>\n<meta property=\"article:modified_time\" content=\"2026-02-27T11:07:09+00:00\" \/>\n<meta property=\"og:image\" content=\"https:\/\/santosjuanesvalencia.com\/wp-content\/uploads\/2025\/11\/home-header.jpg\" \/>\n\t<meta property=\"og:image:width\" content=\"1920\" \/>\n\t<meta property=\"og:image:height\" content=\"1080\" \/>\n\t<meta property=\"og:image:type\" content=\"image\/jpeg\" \/>\n<meta name=\"twitter:card\" content=\"summary_large_image\" \/>\n<meta name=\"twitter:label1\" content=\"Tempo di lettura stimato\" \/>\n\t<meta name=\"twitter:data1\" content=\"3 minuti\" \/>\n<script type=\"application\/ld+json\" class=\"yoast-schema-graph\">{\"@context\":\"https:\\\/\\\/schema.org\",\"@graph\":[{\"@type\":\"WebPage\",\"@id\":\"https:\\\/\\\/santosjuanesvalencia.com\\\/it\\\/avviso-legale\\\/\",\"url\":\"https:\\\/\\\/santosjuanesvalencia.com\\\/it\\\/avviso-legale\\\/\",\"name\":\"Aviso Legal | Real Parroquia Santos Juanes Valencia\",\"isPartOf\":{\"@id\":\"https:\\\/\\\/santosjuanesvalencia.com\\\/it\\\/#website\"},\"datePublished\":\"2025-11-18T08:40:30+00:00\",\"dateModified\":\"2026-02-27T11:07:09+00:00\",\"breadcrumb\":{\"@id\":\"https:\\\/\\\/santosjuanesvalencia.com\\\/it\\\/avviso-legale\\\/#breadcrumb\"},\"inLanguage\":\"it-IT\",\"potentialAction\":[{\"@type\":\"ReadAction\",\"target\":[\"https:\\\/\\\/santosjuanesvalencia.com\\\/it\\\/avviso-legale\\\/\"]}]},{\"@type\":\"BreadcrumbList\",\"@id\":\"https:\\\/\\\/santosjuanesvalencia.com\\\/it\\\/avviso-legale\\\/#breadcrumb\",\"itemListElement\":[{\"@type\":\"ListItem\",\"position\":1,\"name\":\"Portada\",\"item\":\"https:\\\/\\\/santosjuanesvalencia.com\\\/it\\\/\"},{\"@type\":\"ListItem\",\"position\":2,\"name\":\"Aviso Legal\"}]},{\"@type\":\"WebSite\",\"@id\":\"https:\\\/\\\/santosjuanesvalencia.com\\\/it\\\/#website\",\"url\":\"https:\\\/\\\/santosjuanesvalencia.com\\\/it\\\/\",\"name\":\"Real Parroquia Santos Juanes Valencia\",\"description\":\"En el coraz\u00f3n de Val\u00e8ncia, la Real Parroquia de los Santos Juanes abre sus puertas como un lugar donde se encuentran la fe, el arte y la historia.\",\"publisher\":{\"@id\":\"https:\\\/\\\/santosjuanesvalencia.com\\\/it\\\/#organization\"},\"alternateName\":\"Real Parroquia Santos Juanes Valencia\",\"potentialAction\":[{\"@type\":\"SearchAction\",\"target\":{\"@type\":\"EntryPoint\",\"urlTemplate\":\"https:\\\/\\\/santosjuanesvalencia.com\\\/it\\\/?s={search_term_string}\"},\"query-input\":{\"@type\":\"PropertyValueSpecification\",\"valueRequired\":true,\"valueName\":\"search_term_string\"}}],\"inLanguage\":\"it-IT\"},{\"@type\":\"Organization\",\"@id\":\"https:\\\/\\\/santosjuanesvalencia.com\\\/it\\\/#organization\",\"name\":\"Real Parroquia Santos Juanes Valencia\",\"alternateName\":\"Real Parroquia Santos Juanes Valencia\",\"url\":\"https:\\\/\\\/santosjuanesvalencia.com\\\/it\\\/\",\"logo\":{\"@type\":\"ImageObject\",\"inLanguage\":\"it-IT\",\"@id\":\"https:\\\/\\\/santosjuanesvalencia.com\\\/it\\\/#\\\/schema\\\/logo\\\/image\\\/\",\"url\":\"https:\\\/\\\/santosjuanesvalencia.com\\\/wp-content\\\/uploads\\\/2025\\\/11\\\/footer-logo.png\",\"contentUrl\":\"https:\\\/\\\/santosjuanesvalencia.com\\\/wp-content\\\/uploads\\\/2025\\\/11\\\/footer-logo.png\",\"width\":226,\"height\":134,\"caption\":\"Real Parroquia Santos Juanes Valencia\"},\"image\":{\"@id\":\"https:\\\/\\\/santosjuanesvalencia.com\\\/it\\\/#\\\/schema\\\/logo\\\/image\\\/\"},\"sameAs\":[\"https:\\\/\\\/www.facebook.com\\\/santosjuanesvalencia\\\/\",\"https:\\\/\\\/www.instagram.com\\\/santosjuanesvlc\\\/\",\"https:\\\/\\\/www.youtube.com\\\/@santosjuanesvalencia1150\"]}]}<\/script>\n<!-- \/ Yoast SEO plugin. -->","yoast_head_json":{"title":"Aviso Legal | Real Parroquia Santos Juanes Valencia","robots":{"index":"noindex","follow":"follow"},"og_locale":"it_IT","og_type":"article","og_title":"Aviso Legal | Real Parroquia Santos Juanes Valencia","og_url":"https:\/\/santosjuanesvalencia.com\/it\/avviso-legale\/","og_site_name":"Real Parroquia Santos Juanes Valencia","article_publisher":"https:\/\/www.facebook.com\/santosjuanesvalencia\/","article_modified_time":"2026-02-27T11:07:09+00:00","og_image":[{"width":1920,"height":1080,"url":"https:\/\/santosjuanesvalencia.com\/wp-content\/uploads\/2025\/11\/home-header.jpg","type":"image\/jpeg"}],"twitter_card":"summary_large_image","twitter_misc":{"Tempo di lettura stimato":"3 minuti"},"schema":{"@context":"https:\/\/schema.org","@graph":[{"@type":"WebPage","@id":"https:\/\/santosjuanesvalencia.com\/it\/avviso-legale\/","url":"https:\/\/santosjuanesvalencia.com\/it\/avviso-legale\/","name":"Aviso Legal | Real Parroquia Santos Juanes Valencia","isPartOf":{"@id":"https:\/\/santosjuanesvalencia.com\/it\/#website"},"datePublished":"2025-11-18T08:40:30+00:00","dateModified":"2026-02-27T11:07:09+00:00","breadcrumb":{"@id":"https:\/\/santosjuanesvalencia.com\/it\/avviso-legale\/#breadcrumb"},"inLanguage":"it-IT","potentialAction":[{"@type":"ReadAction","target":["https:\/\/santosjuanesvalencia.com\/it\/avviso-legale\/"]}]},{"@type":"BreadcrumbList","@id":"https:\/\/santosjuanesvalencia.com\/it\/avviso-legale\/#breadcrumb","itemListElement":[{"@type":"ListItem","position":1,"name":"Portada","item":"https:\/\/santosjuanesvalencia.com\/it\/"},{"@type":"ListItem","position":2,"name":"Aviso Legal"}]},{"@type":"WebSite","@id":"https:\/\/santosjuanesvalencia.com\/it\/#website","url":"https:\/\/santosjuanesvalencia.com\/it\/","name":"Real Parroquia Santos Juanes Valencia","description":"En el coraz\u00f3n de Val\u00e8ncia, la Real Parroquia de los Santos Juanes abre sus puertas como un lugar donde se encuentran la fe, el arte y la historia.","publisher":{"@id":"https:\/\/santosjuanesvalencia.com\/it\/#organization"},"alternateName":"Real Parroquia Santos Juanes Valencia","potentialAction":[{"@type":"SearchAction","target":{"@type":"EntryPoint","urlTemplate":"https:\/\/santosjuanesvalencia.com\/it\/?s={search_term_string}"},"query-input":{"@type":"PropertyValueSpecification","valueRequired":true,"valueName":"search_term_string"}}],"inLanguage":"it-IT"},{"@type":"Organization","@id":"https:\/\/santosjuanesvalencia.com\/it\/#organization","name":"Real Parroquia Santos Juanes Valencia","alternateName":"Real Parroquia Santos Juanes Valencia","url":"https:\/\/santosjuanesvalencia.com\/it\/","logo":{"@type":"ImageObject","inLanguage":"it-IT","@id":"https:\/\/santosjuanesvalencia.com\/it\/#\/schema\/logo\/image\/","url":"https:\/\/santosjuanesvalencia.com\/wp-content\/uploads\/2025\/11\/footer-logo.png","contentUrl":"https:\/\/santosjuanesvalencia.com\/wp-content\/uploads\/2025\/11\/footer-logo.png","width":226,"height":134,"caption":"Real Parroquia Santos Juanes Valencia"},"image":{"@id":"https:\/\/santosjuanesvalencia.com\/it\/#\/schema\/logo\/image\/"},"sameAs":["https:\/\/www.facebook.com\/santosjuanesvalencia\/","https:\/\/www.instagram.com\/santosjuanesvlc\/","https:\/\/www.youtube.com\/@santosjuanesvalencia1150"]}]}},"_links":{"self":[{"href":"https:\/\/santosjuanesvalencia.com\/it\/wp-json\/wp\/v2\/pages\/1547","targetHints":{"allow":["GET"]}}],"collection":[{"href":"https:\/\/santosjuanesvalencia.com\/it\/wp-json\/wp\/v2\/pages"}],"about":[{"href":"https:\/\/santosjuanesvalencia.com\/it\/wp-json\/wp\/v2\/types\/page"}],"author":[{"embeddable":true,"href":"https:\/\/santosjuanesvalencia.com\/it\/wp-json\/wp\/v2\/users\/1"}],"replies":[{"embeddable":true,"href":"https:\/\/santosjuanesvalencia.com\/it\/wp-json\/wp\/v2\/comments?post=1547"}],"version-history":[{"count":2,"href":"https:\/\/santosjuanesvalencia.com\/it\/wp-json\/wp\/v2\/pages\/1547\/revisions"}],"predecessor-version":[{"id":1549,"href":"https:\/\/santosjuanesvalencia.com\/it\/wp-json\/wp\/v2\/pages\/1547\/revisions\/1549"}],"wp:attachment":[{"href":"https:\/\/santosjuanesvalencia.com\/it\/wp-json\/wp\/v2\/media?parent=1547"}],"curies":[{"name":"wp","href":"https:\/\/api.w.org\/{rel}","templated":true}]}}