{"id":1510,"date":"2025-11-24T08:35:30","date_gmt":"2025-11-24T07:35:30","guid":{"rendered":"https:\/\/santosjuanesvalencia.com\/collabora-con-santos-juanes\/"},"modified":"2026-02-26T13:23:42","modified_gmt":"2026-02-26T12:23:42","slug":"collabora-con-santos-juanes","status":"publish","type":"page","link":"https:\/\/santosjuanesvalencia.com\/it\/collabora-con-santos-juanes\/","title":{"rendered":"Collabora con Santos Juanes"},"content":{"rendered":"\n\t<section class=\"section\" id=\"section_1675497555\">\n\t\t<div class=\"section-bg fill\" >\n\t\t\t\t\t\t\t\t\t\n\t\t\t\n\n\t\t<\/div>\n\n\t\t\n\n\t\t<div class=\"section-content relative\">\n\t\t\t\n<div class=\"row row-collapse row-full-width align-equal\"  id=\"row-1126375359\">\n\n\t<div id=\"col-840636332\" class=\"col pad-left-col align-items-center-col medium-6 small-12 large-6\"  >\n\t\t\t\t<div class=\"col-inner\"  >\n\t\t\t\n\t\t\t\n\t\t<div class=\"custom-breadcrumbs\">\n\t\t\t\t\n<div><span class=\"breadcrumb-element\">Collabora<\/span><\/div>\n\t\t<\/div>\n\t\n\t<div id=\"gap-1701988971\" class=\"gap-element clearfix\" style=\"display:block; height:auto;\">\n\t\t\n<style>\n#gap-1701988971 {\n  padding-top: 200px;\n}\n@media (min-width:850px) {\n  #gap-1701988971 {\n    padding-top: 160px;\n  }\n}\n<\/style>\n\t<\/div>\n\t\n\t<div id=\"text-2358051136\" class=\"text doubled-font txt-m-0\">\n\t\t\n<h1 data-animate=\"fadeInLeft\">Collabora con<br \/><em>Santos Juanes<\/em><\/h1>\n\t\t\n<style>\n#text-2358051136 {\n  font-size: 1.75rem;\n  line-height: 1.1;\n}\n@media (min-width:550px) {\n  #text-2358051136 {\n    font-size: 1.75rem;\n  }\n}\n@media (min-width:850px) {\n  #text-2358051136 {\n    font-size: 2.5rem;\n  }\n}\n<\/style>\n\t<\/div>\n\t\n\t<div id=\"gap-1031993951\" class=\"gap-element clearfix\" style=\"display:block; height:auto;\">\n\t\t\n<style>\n#gap-1031993951 {\n  padding-top: 20px;\n}\n<\/style>\n\t<\/div>\n\t\n\t<div id=\"text-3040921739\" class=\"text\">\n\t\t\n<p>La Real Parrocchia dei Santi Juanes di Valencia \u00e8 uno spazio vivo di fede, arte e comunit\u00e0 nel cuore della citt\u00e0. Il tuo sostegno ci permette di mantenere il tempio, prenderci cura del patrimonio storico che rappresenta e sostenere il servizio pastorale dei nostri sacerdoti attivi e in pensione. Ogni aiuto \u00e8 prezioso e ci avvicina ogni giorno di pi\u00f9 a preservare questo patrimonio per le generazioni future.<\/p>\n\t\t\n<style>\n#text-3040921739 {\n  font-size: 1.125rem;\n  line-height: 1.3;\n}\n@media (min-width:550px) {\n  #text-3040921739 {\n    font-size: 1.25rem;\n  }\n}\n@media (min-width:850px) {\n  #text-3040921739 {\n    font-size: 1.375rem;\n  }\n}\n<\/style>\n\t<\/div>\n\t\n\t<div id=\"gap-928256778\" class=\"gap-element clearfix\" style=\"display:block; height:auto;\">\n\t\t\n<style>\n#gap-928256778 {\n  padding-top: 80px;\n}\n@media (min-width:850px) {\n  #gap-928256778 {\n    padding-top: 160px;\n  }\n}\n<\/style>\n\t<\/div>\n\t\n\t\t<\/div>\n\t\t\t\t\n<style>\n#col-840636332 > .col-inner {\n  padding: 0px 10% 0px 0px;\n}\n<\/style>\n\t<\/div>\n\n\t\n\n\t<div id=\"col-1961113095\" class=\"col image-height-fit medium-6 small-12 large-6\"  data-animate=\"blurIn\">\n\t\t\t\t<div class=\"col-inner\"  >\n\t\t\t\n\t\t\t\n\t<div class=\"img has-hover x md-x lg-x y md-y lg-y\" id=\"image_1265104171\">\n\t\t\t\t\t\t\t\t<div class=\"img-inner dark\" >\n\t\t\t<img loading=\"lazy\" decoding=\"async\" width=\"945\" height=\"1080\" src=\"https:\/\/santosjuanesvalencia.com\/wp-content\/uploads\/2025\/11\/colabora1.jpg\" class=\"attachment-original size-original\" alt=\"\" srcset=\"https:\/\/santosjuanesvalencia.com\/wp-content\/uploads\/2025\/11\/colabora1.jpg 945w, https:\/\/santosjuanesvalencia.com\/wp-content\/uploads\/2025\/11\/colabora1-263x300.jpg 263w, https:\/\/santosjuanesvalencia.com\/wp-content\/uploads\/2025\/11\/colabora1-896x1024.jpg 896w, https:\/\/santosjuanesvalencia.com\/wp-content\/uploads\/2025\/11\/colabora1-768x878.jpg 768w\" sizes=\"auto, (max-width: 945px) 100vw, 945px\" \/>\t\t\t\t\t\t\n\t\t\t\t\t<\/div>\n\t\t\t\t\t\t\t\t\n<style>\n#image_1265104171 {\n  width: 100%;\n}\n<\/style>\n\t<\/div>\n\t\n\t\t<\/div>\n\t\t\t\t\t<\/div>\n\n\t\n<\/div>\n\t<div id=\"gap-1292519366\" class=\"gap-element clearfix\" style=\"display:block; height:auto;\">\n\t\t\n<style>\n#gap-1292519366 {\n  padding-top: 80px;\n}\n@media (min-width:550px) {\n  #gap-1292519366 {\n    padding-top: 120px;\n  }\n}\n@media (min-width:850px) {\n  #gap-1292519366 {\n    padding-top: 140px;\n  }\n}\n<\/style>\n\t<\/div>\n\t\n\t\t<\/div>\n\n\t\t\n<style>\n#section_1675497555 {\n  padding-top: 0px;\n  padding-bottom: 0px;\n}\n<\/style>\n\t<\/section>\n\t\n\n\t<section class=\"section\" id=\"section_450712123\">\n\t\t<div class=\"section-bg fill\" >\n\t\t\t\t\t\t\t\t\t\n\t\t\t\n\n\t\t<\/div>\n\n\t\t\n\n\t\t<div class=\"section-content relative\">\n\t\t\t\n<div class=\"row row-full-width align-middle\"  id=\"row-1207690569\">\n\n\t<div id=\"col-2128142868\" class=\"col medium-8 small-12 large-8\"  data-animate=\"fadeInLeft\">\n\t\t\t\t<div class=\"col-inner\"  >\n\t\t\t\n\t\t\t\n\t<div id=\"text-3884559020\" class=\"text titles-font fw-700 balance\">\n\t\t\n<h2>Perch\u00e9 la tua collaborazione <em>\u00e8 essenziale<\/em><\/h2>\n\t\t\n<style>\n#text-3884559020 {\n  font-size: 2.125rem;\n  line-height: 1.1;\n}\n@media (min-width:550px) {\n  #text-3884559020 {\n    font-size: 2.5rem;\n  }\n}\n@media (min-width:850px) {\n  #text-3884559020 {\n    font-size: 4rem;\n  }\n}\n<\/style>\n\t<\/div>\n\t\n\t<div id=\"text-2754542839\" class=\"text\">\n\t\t\n<p>Questo edificio storico necessita di una manutenzione costante: conservazione delle strutture, restauro delle opere d&#8217;arte, pulizia, climatizzazione, accessibilit\u00e0. Inoltre, siamo impegnati nell&#8217;attenzione spirituale, sociale e culturale della comunit\u00e0: i sacerdoti, i loro ministeri, la Caritas e le iniziative parrocchiali richiedono risorse. Collaborare qui significa fare la tua parte affinch\u00e9 questo tempio continui a essere un luogo di accoglienza, storia e bellezza al servizio di Valencia.<\/p>\n\t\t\n<style>\n#text-2754542839 {\n  font-size: 1.125rem;\n  line-height: 1.3;\n}\n@media (min-width:550px) {\n  #text-2754542839 {\n    font-size: 1.25rem;\n  }\n}\n@media (min-width:850px) {\n  #text-2754542839 {\n    font-size: 1.375rem;\n  }\n}\n<\/style>\n\t<\/div>\n\t\n\t<div id=\"gap-776067715\" class=\"gap-element clearfix\" style=\"display:block; height:auto;\">\n\t\t\n<style>\n#gap-776067715 {\n  padding-top: 80px;\n}\n@media (min-width:550px) {\n  #gap-776067715 {\n    padding-top: 80px;\n  }\n}\n@media (min-width:850px) {\n  #gap-776067715 {\n    padding-top: 120px;\n  }\n}\n<\/style>\n\t<\/div>\n\t\n\t\t<\/div>\n\t\t\t\t\n<style>\n#col-2128142868 > .col-inner {\n  padding: 0px 10% 0px 3%;\n}\n<\/style>\n\t<\/div>\n\n\t\n<\/div>\n<div class=\"row\"  id=\"row-565509227\">\n\n\t<div id=\"col-233646150\" class=\"col medium-6 small-12 large-4\"  data-animate=\"fadeInLeft\">\n\t\t\t\t<div class=\"col-inner\"  >\n\t\t\t\n\t\t\t\n\t<div class=\"img has-hover x md-x lg-x y md-y lg-y\" id=\"image_2129579387\">\n\t\t\t\t\t\t\t\t<div class=\"img-inner dark\" >\n\t\t\t<img loading=\"lazy\" decoding=\"async\" width=\"400\" height=\"625\" src=\"https:\/\/santosjuanesvalencia.com\/wp-content\/uploads\/2025\/11\/colabora-foto-nueva.jpg.jpg\" class=\"attachment-original size-original\" alt=\"\" \/>\t\t\t\t\t\t\n\t\t\t\t\t<\/div>\n\t\t\t\t\t\t\t\t\n<style>\n#image_2129579387 {\n  width: 100%;\n}\n<\/style>\n\t<\/div>\n\t\n\t\t<\/div>\n\t\t\t\t\n<style>\n#col-233646150 > .col-inner {\n  margin: 0px 0px 0px 0%;\n}\n@media (min-width:550px) {\n  #col-233646150 > .col-inner {\n    margin: 0px 0px 0px 6%;\n  }\n}\n<\/style>\n\t<\/div>\n\n\t\n\n\t<div id=\"col-132963493\" class=\"col medium-6 small-12 large-6\"  >\n\t\t\t\t<div class=\"col-inner\"  >\n\t\t\t\n\t\t\t\n\t<div id=\"text-869955993\" class=\"text titles-font fw-700 txt-m-0\">\n\t\t\n<p>Come puoi collaborare<\/p>\n\t\t\n<style>\n#text-869955993 {\n  font-size: 2rem;\n  line-height: 1.2;\n}\n@media (min-width:550px) {\n  #text-869955993 {\n    font-size: 2rem;\n    line-height: 1.1;\n  }\n}\n@media (min-width:850px) {\n  #text-869955993 {\n    font-size: 2.5rem;\n    line-height: 1.4;\n  }\n}\n<\/style>\n\t<\/div>\n\t\n\t<div id=\"gap-553992034\" class=\"gap-element clearfix\" style=\"display:block; height:auto;\">\n\t\t\n<style>\n#gap-553992034 {\n  padding-top: 40px;\n}\n<\/style>\n\t<\/div>\n\t\n\t<div id=\"text-4232287464\" class=\"text titles-font fw-700 txt-m-0\">\n\t\t\n<p>Donazione singola:<\/p>\n\t\t\n<style>\n#text-4232287464 {\n  font-size: 1.5rem;\n  line-height: 1.2;\n}\n@media (min-width:550px) {\n  #text-4232287464 {\n    font-size: 1.5rem;\n    line-height: 1.1;\n  }\n}\n@media (min-width:850px) {\n  #text-4232287464 {\n    font-size: 1.75rem;\n    line-height: 1.4;\n  }\n}\n<\/style>\n\t<\/div>\n\t\n\t<div id=\"gap-1658539796\" class=\"gap-element clearfix\" style=\"display:block; height:auto;\">\n\t\t\n<style>\n#gap-1658539796 {\n  padding-top: 10px;\n}\n<\/style>\n\t<\/div>\n\t\n\t<div id=\"text-444525628\" class=\"text titles-font fw-400\">\n\t\t\n<p>Una sola volta, quando vuoi.<\/p>\n\t\t\n<style>\n#text-444525628 {\n  font-size: 1.125rem;\n  line-height: 1.2;\n}\n@media (min-width:550px) {\n  #text-444525628 {\n    font-size: 1.125rem;\n    line-height: 1.1;\n  }\n}\n@media (min-width:850px) {\n  #text-444525628 {\n    font-size: 1.375rem;\n    line-height: 1.4;\n  }\n}\n<\/style>\n\t<\/div>\n\t\n\t<div id=\"text-2120917870\" class=\"text titles-font fw-700 txt-m-0\">\n\t\t\n<p>Donazione periodica:<\/p>\n\t\t\n<style>\n#text-2120917870 {\n  font-size: 1.5rem;\n  line-height: 1.2;\n}\n@media (min-width:550px) {\n  #text-2120917870 {\n    font-size: 1.5rem;\n    line-height: 1.1;\n  }\n}\n@media (min-width:850px) {\n  #text-2120917870 {\n    font-size: 1.75rem;\n    line-height: 1.4;\n  }\n}\n<\/style>\n\t<\/div>\n\t\n\t<div id=\"gap-1454546492\" class=\"gap-element clearfix\" style=\"display:block; height:auto;\">\n\t\t\n<style>\n#gap-1454546492 {\n  padding-top: 10px;\n}\n<\/style>\n\t<\/div>\n\t\n\t<div id=\"text-2588540934\" class=\"text titles-font fw-400\">\n\t\t\n<p>Settimanale, mensile o annuale, che ci permette di pianificare con stabilit\u00e0.<\/p>\n\t\t\n<style>\n#text-2588540934 {\n  font-size: 1.125rem;\n  line-height: 1.2;\n}\n@media (min-width:550px) {\n  #text-2588540934 {\n    font-size: 1.125rem;\n    line-height: 1.1;\n  }\n}\n@media (min-width:850px) {\n  #text-2588540934 {\n    font-size: 1.375rem;\n    line-height: 1.4;\n  }\n}\n<\/style>\n\t<\/div>\n\t\n\t<div id=\"gap-2103960486\" class=\"gap-element clearfix\" style=\"display:block; height:auto;\">\n\t\t\n<style>\n#gap-2103960486 {\n  padding-top: 50px;\n}\n@media (min-width:550px) {\n  #gap-2103960486 {\n    padding-top: 80px;\n  }\n}\n@media (min-width:850px) {\n  #gap-2103960486 {\n    padding-top: 120px;\n  }\n}\n<\/style>\n\t<\/div>\n\t\n\t<div id=\"text-2401080743\" class=\"text titles-font fw-700 txt-m-0\">\n\t\t\n<p>Dati per la tua donazione<\/p>\n\t\t\n<style>\n#text-2401080743 {\n  font-size: 2rem;\n  line-height: 1.2;\n}\n@media (min-width:550px) {\n  #text-2401080743 {\n    font-size: 2rem;\n    line-height: 1.1;\n  }\n}\n@media (min-width:850px) {\n  #text-2401080743 {\n    font-size: 2.5rem;\n    line-height: 1.4;\n  }\n}\n<\/style>\n\t<\/div>\n\t\n\t<div id=\"gap-1715143022\" class=\"gap-element clearfix\" style=\"display:block; height:auto;\">\n\t\t\n<style>\n#gap-1715143022 {\n  padding-top: 40px;\n}\n<\/style>\n\t<\/div>\n\t\n\t<div id=\"text-1372392176\" class=\"text titles-font fw-700 txt-m-0\">\n\t\t\n<p>N\u00b0 conto bancario (IBAN):<\/p>\n\t\t\n<style>\n#text-1372392176 {\n  font-size: 1.5rem;\n  line-height: 1.2;\n}\n@media (min-width:550px) {\n  #text-1372392176 {\n    font-size: 1.5rem;\n    line-height: 1.1;\n  }\n}\n@media (min-width:850px) {\n  #text-1372392176 {\n    font-size: 1.75rem;\n    line-height: 1.4;\n  }\n}\n<\/style>\n\t<\/div>\n\t\n\t<div id=\"gap-2014269872\" class=\"gap-element clearfix\" style=\"display:block; height:auto;\">\n\t\t\n<style>\n#gap-2014269872 {\n  padding-top: 10px;\n}\n<\/style>\n\t<\/div>\n\t\n\t<div id=\"text-2380479774\" class=\"text titles-font fw-400 txt-m-0\">\n\t\t\n<p>ES37 2100 1381 1202 0017 8528<\/p>\n\t\t\n<style>\n#text-2380479774 {\n  font-size: 1.125rem;\n  line-height: 1.2;\n}\n@media (min-width:550px) {\n  #text-2380479774 {\n    font-size: 1.123rem;\n    line-height: 1.1;\n  }\n}\n@media (min-width:850px) {\n  #text-2380479774 {\n    font-size: 1.375rem;\n    line-height: 1.4;\n  }\n}\n<\/style>\n\t<\/div>\n\t\n\t\t<\/div>\n\t\t\t\t\n<style>\n#col-132963493 > .col-inner {\n  padding: 0px 0px 0px 0%;\n  margin: 0px 0px 0px 0px;\n}\n@media (min-width:550px) {\n  #col-132963493 > .col-inner {\n    padding: 0px 0px 0px 15%;\n  }\n}\n<\/style>\n\t<\/div>\n\n\t\n<\/div>\n\t\t<\/div>\n\n\t\t\n<style>\n#section_450712123 {\n  padding-top: 30px;\n  padding-bottom: 30px;\n}\n<\/style>\n\t<\/section>\n\t\n","protected":false},"excerpt":{"rendered":"","protected":false},"author":1,"featured_media":1509,"parent":0,"menu_order":0,"comment_status":"closed","ping_status":"closed","template":"page-transparent-header.php","meta":{"footnotes":""},"class_list":["post-1510","page","type-page","status-publish","has-post-thumbnail","hentry"],"yoast_head":"<!-- This site is optimized with the Yoast SEO plugin v27.3 - https:\/\/yoast.com\/product\/yoast-seo-wordpress\/ -->\n<title>Collabora con Noi | Santos Juanes Valencia<\/title>\n<meta name=\"description\" content=\"Sostieni la Parrocchia dei Santi Juanes con la tua donazione per la manutenzione del tempio e l&#039;aiuto ai sacerdoti. Ogni collaborazione \u00e8 benvenuta.\" \/>\n<meta name=\"robots\" content=\"index, follow, max-snippet:-1, max-image-preview:large, max-video-preview:-1\" \/>\n<link rel=\"canonical\" href=\"https:\/\/santosjuanesvalencia.com\/it\/collabora-con-santos-juanes\/\" \/>\n<meta property=\"og:locale\" content=\"it_IT\" \/>\n<meta property=\"og:type\" content=\"article\" \/>\n<meta property=\"og:title\" content=\"Collabora con Noi | Santos Juanes Valencia\" \/>\n<meta property=\"og:description\" content=\"Sostieni la Parrocchia dei Santi Juanes con la tua donazione per la manutenzione del tempio e l&#039;aiuto ai sacerdoti. Ogni collaborazione \u00e8 benvenuta.\" \/>\n<meta property=\"og:url\" content=\"https:\/\/santosjuanesvalencia.com\/it\/collabora-con-santos-juanes\/\" \/>\n<meta property=\"og:site_name\" content=\"Real Parroquia Santos Juanes Valencia\" \/>\n<meta property=\"article:publisher\" content=\"https:\/\/www.facebook.com\/santosjuanesvalencia\/\" \/>\n<meta property=\"article:modified_time\" content=\"2026-02-26T12:23:42+00:00\" \/>\n<meta property=\"og:image\" content=\"https:\/\/santosjuanesvalencia.com\/wp-content\/uploads\/2025\/11\/imagen-header-v2.jpg\" \/>\n\t<meta property=\"og:image:width\" content=\"1920\" \/>\n\t<meta property=\"og:image:height\" content=\"1080\" \/>\n\t<meta property=\"og:image:type\" content=\"image\/jpeg\" \/>\n<meta name=\"twitter:card\" content=\"summary_large_image\" \/>\n<meta name=\"twitter:label1\" content=\"Tempo di lettura stimato\" \/>\n\t<meta name=\"twitter:data1\" content=\"3 minuti\" \/>\n<script type=\"application\/ld+json\" class=\"yoast-schema-graph\">{\"@context\":\"https:\\\/\\\/schema.org\",\"@graph\":[{\"@type\":\"WebPage\",\"@id\":\"https:\\\/\\\/santosjuanesvalencia.com\\\/it\\\/collabora-con-santos-juanes\\\/\",\"url\":\"https:\\\/\\\/santosjuanesvalencia.com\\\/it\\\/collabora-con-santos-juanes\\\/\",\"name\":\"Collabora con Noi | Santos Juanes Valencia\",\"isPartOf\":{\"@id\":\"https:\\\/\\\/santosjuanesvalencia.com\\\/it\\\/#website\"},\"primaryImageOfPage\":{\"@id\":\"https:\\\/\\\/santosjuanesvalencia.com\\\/it\\\/collabora-con-santos-juanes\\\/#primaryimage\"},\"image\":{\"@id\":\"https:\\\/\\\/santosjuanesvalencia.com\\\/it\\\/collabora-con-santos-juanes\\\/#primaryimage\"},\"thumbnailUrl\":\"https:\\\/\\\/santosjuanesvalencia.com\\\/wp-content\\\/uploads\\\/2025\\\/11\\\/imagen-header-v2.jpg\",\"datePublished\":\"2025-11-24T07:35:30+00:00\",\"dateModified\":\"2026-02-26T12:23:42+00:00\",\"description\":\"Sostieni la Parrocchia dei Santi Juanes con la tua donazione per la manutenzione del tempio e l'aiuto ai sacerdoti. Ogni collaborazione \u00e8 benvenuta.\",\"breadcrumb\":{\"@id\":\"https:\\\/\\\/santosjuanesvalencia.com\\\/it\\\/collabora-con-santos-juanes\\\/#breadcrumb\"},\"inLanguage\":\"it-IT\",\"potentialAction\":[{\"@type\":\"ReadAction\",\"target\":[\"https:\\\/\\\/santosjuanesvalencia.com\\\/it\\\/collabora-con-santos-juanes\\\/\"]}]},{\"@type\":\"ImageObject\",\"inLanguage\":\"it-IT\",\"@id\":\"https:\\\/\\\/santosjuanesvalencia.com\\\/it\\\/collabora-con-santos-juanes\\\/#primaryimage\",\"url\":\"https:\\\/\\\/santosjuanesvalencia.com\\\/wp-content\\\/uploads\\\/2025\\\/11\\\/imagen-header-v2.jpg\",\"contentUrl\":\"https:\\\/\\\/santosjuanesvalencia.com\\\/wp-content\\\/uploads\\\/2025\\\/11\\\/imagen-header-v2.jpg\",\"width\":1920,\"height\":1080,\"caption\":\"collabora con noi\"},{\"@type\":\"BreadcrumbList\",\"@id\":\"https:\\\/\\\/santosjuanesvalencia.com\\\/it\\\/collabora-con-santos-juanes\\\/#breadcrumb\",\"itemListElement\":[{\"@type\":\"ListItem\",\"position\":1,\"name\":\"Portada\",\"item\":\"https:\\\/\\\/santosjuanesvalencia.com\\\/it\\\/\"},{\"@type\":\"ListItem\",\"position\":2,\"name\":\"Collabora con Santos Juanes\"}]},{\"@type\":\"WebSite\",\"@id\":\"https:\\\/\\\/santosjuanesvalencia.com\\\/it\\\/#website\",\"url\":\"https:\\\/\\\/santosjuanesvalencia.com\\\/it\\\/\",\"name\":\"Real Parroquia Santos Juanes Valencia\",\"description\":\"En el coraz\u00f3n de Val\u00e8ncia, la Real Parroquia de los Santos Juanes abre sus puertas como un lugar donde se encuentran la fe, el arte y la historia.\",\"publisher\":{\"@id\":\"https:\\\/\\\/santosjuanesvalencia.com\\\/it\\\/#organization\"},\"alternateName\":\"Real Parroquia Santos Juanes Valencia\",\"potentialAction\":[{\"@type\":\"SearchAction\",\"target\":{\"@type\":\"EntryPoint\",\"urlTemplate\":\"https:\\\/\\\/santosjuanesvalencia.com\\\/it\\\/?s={search_term_string}\"},\"query-input\":{\"@type\":\"PropertyValueSpecification\",\"valueRequired\":true,\"valueName\":\"search_term_string\"}}],\"inLanguage\":\"it-IT\"},{\"@type\":\"Organization\",\"@id\":\"https:\\\/\\\/santosjuanesvalencia.com\\\/it\\\/#organization\",\"name\":\"Real Parroquia Santos Juanes Valencia\",\"alternateName\":\"Real Parroquia Santos Juanes Valencia\",\"url\":\"https:\\\/\\\/santosjuanesvalencia.com\\\/it\\\/\",\"logo\":{\"@type\":\"ImageObject\",\"inLanguage\":\"it-IT\",\"@id\":\"https:\\\/\\\/santosjuanesvalencia.com\\\/it\\\/#\\\/schema\\\/logo\\\/image\\\/\",\"url\":\"https:\\\/\\\/santosjuanesvalencia.com\\\/wp-content\\\/uploads\\\/2025\\\/11\\\/footer-logo.png\",\"contentUrl\":\"https:\\\/\\\/santosjuanesvalencia.com\\\/wp-content\\\/uploads\\\/2025\\\/11\\\/footer-logo.png\",\"width\":226,\"height\":134,\"caption\":\"Real Parroquia Santos Juanes Valencia\"},\"image\":{\"@id\":\"https:\\\/\\\/santosjuanesvalencia.com\\\/it\\\/#\\\/schema\\\/logo\\\/image\\\/\"},\"sameAs\":[\"https:\\\/\\\/www.facebook.com\\\/santosjuanesvalencia\\\/\",\"https:\\\/\\\/www.instagram.com\\\/santosjuanesvlc\\\/\",\"https:\\\/\\\/www.youtube.com\\\/@santosjuanesvalencia1150\"]}]}<\/script>\n<!-- \/ Yoast SEO plugin. -->","yoast_head_json":{"title":"Collabora con Noi | Santos Juanes Valencia","description":"Sostieni la Parrocchia dei Santi Juanes con la tua donazione per la manutenzione del tempio e l'aiuto ai sacerdoti. Ogni collaborazione \u00e8 benvenuta.","robots":{"index":"index","follow":"follow","max-snippet":"max-snippet:-1","max-image-preview":"max-image-preview:large","max-video-preview":"max-video-preview:-1"},"canonical":"https:\/\/santosjuanesvalencia.com\/it\/collabora-con-santos-juanes\/","og_locale":"it_IT","og_type":"article","og_title":"Collabora con Noi | Santos Juanes Valencia","og_description":"Sostieni la Parrocchia dei Santi Juanes con la tua donazione per la manutenzione del tempio e l'aiuto ai sacerdoti. Ogni collaborazione \u00e8 benvenuta.","og_url":"https:\/\/santosjuanesvalencia.com\/it\/collabora-con-santos-juanes\/","og_site_name":"Real Parroquia Santos Juanes Valencia","article_publisher":"https:\/\/www.facebook.com\/santosjuanesvalencia\/","article_modified_time":"2026-02-26T12:23:42+00:00","og_image":[{"width":1920,"height":1080,"url":"https:\/\/santosjuanesvalencia.com\/wp-content\/uploads\/2025\/11\/imagen-header-v2.jpg","type":"image\/jpeg"}],"twitter_card":"summary_large_image","twitter_misc":{"Tempo di lettura stimato":"3 minuti"},"schema":{"@context":"https:\/\/schema.org","@graph":[{"@type":"WebPage","@id":"https:\/\/santosjuanesvalencia.com\/it\/collabora-con-santos-juanes\/","url":"https:\/\/santosjuanesvalencia.com\/it\/collabora-con-santos-juanes\/","name":"Collabora con Noi | Santos Juanes Valencia","isPartOf":{"@id":"https:\/\/santosjuanesvalencia.com\/it\/#website"},"primaryImageOfPage":{"@id":"https:\/\/santosjuanesvalencia.com\/it\/collabora-con-santos-juanes\/#primaryimage"},"image":{"@id":"https:\/\/santosjuanesvalencia.com\/it\/collabora-con-santos-juanes\/#primaryimage"},"thumbnailUrl":"https:\/\/santosjuanesvalencia.com\/wp-content\/uploads\/2025\/11\/imagen-header-v2.jpg","datePublished":"2025-11-24T07:35:30+00:00","dateModified":"2026-02-26T12:23:42+00:00","description":"Sostieni la Parrocchia dei Santi Juanes con la tua donazione per la manutenzione del tempio e l'aiuto ai sacerdoti. Ogni collaborazione \u00e8 benvenuta.","breadcrumb":{"@id":"https:\/\/santosjuanesvalencia.com\/it\/collabora-con-santos-juanes\/#breadcrumb"},"inLanguage":"it-IT","potentialAction":[{"@type":"ReadAction","target":["https:\/\/santosjuanesvalencia.com\/it\/collabora-con-santos-juanes\/"]}]},{"@type":"ImageObject","inLanguage":"it-IT","@id":"https:\/\/santosjuanesvalencia.com\/it\/collabora-con-santos-juanes\/#primaryimage","url":"https:\/\/santosjuanesvalencia.com\/wp-content\/uploads\/2025\/11\/imagen-header-v2.jpg","contentUrl":"https:\/\/santosjuanesvalencia.com\/wp-content\/uploads\/2025\/11\/imagen-header-v2.jpg","width":1920,"height":1080,"caption":"collabora con noi"},{"@type":"BreadcrumbList","@id":"https:\/\/santosjuanesvalencia.com\/it\/collabora-con-santos-juanes\/#breadcrumb","itemListElement":[{"@type":"ListItem","position":1,"name":"Portada","item":"https:\/\/santosjuanesvalencia.com\/it\/"},{"@type":"ListItem","position":2,"name":"Collabora con Santos Juanes"}]},{"@type":"WebSite","@id":"https:\/\/santosjuanesvalencia.com\/it\/#website","url":"https:\/\/santosjuanesvalencia.com\/it\/","name":"Real Parroquia Santos Juanes Valencia","description":"En el coraz\u00f3n de Val\u00e8ncia, la Real Parroquia de los Santos Juanes abre sus puertas como un lugar donde se encuentran la fe, el arte y la historia.","publisher":{"@id":"https:\/\/santosjuanesvalencia.com\/it\/#organization"},"alternateName":"Real Parroquia Santos Juanes Valencia","potentialAction":[{"@type":"SearchAction","target":{"@type":"EntryPoint","urlTemplate":"https:\/\/santosjuanesvalencia.com\/it\/?s={search_term_string}"},"query-input":{"@type":"PropertyValueSpecification","valueRequired":true,"valueName":"search_term_string"}}],"inLanguage":"it-IT"},{"@type":"Organization","@id":"https:\/\/santosjuanesvalencia.com\/it\/#organization","name":"Real Parroquia Santos Juanes Valencia","alternateName":"Real Parroquia Santos Juanes Valencia","url":"https:\/\/santosjuanesvalencia.com\/it\/","logo":{"@type":"ImageObject","inLanguage":"it-IT","@id":"https:\/\/santosjuanesvalencia.com\/it\/#\/schema\/logo\/image\/","url":"https:\/\/santosjuanesvalencia.com\/wp-content\/uploads\/2025\/11\/footer-logo.png","contentUrl":"https:\/\/santosjuanesvalencia.com\/wp-content\/uploads\/2025\/11\/footer-logo.png","width":226,"height":134,"caption":"Real Parroquia Santos Juanes Valencia"},"image":{"@id":"https:\/\/santosjuanesvalencia.com\/it\/#\/schema\/logo\/image\/"},"sameAs":["https:\/\/www.facebook.com\/santosjuanesvalencia\/","https:\/\/www.instagram.com\/santosjuanesvlc\/","https:\/\/www.youtube.com\/@santosjuanesvalencia1150"]}]}},"_links":{"self":[{"href":"https:\/\/santosjuanesvalencia.com\/it\/wp-json\/wp\/v2\/pages\/1510","targetHints":{"allow":["GET"]}}],"collection":[{"href":"https:\/\/santosjuanesvalencia.com\/it\/wp-json\/wp\/v2\/pages"}],"about":[{"href":"https:\/\/santosjuanesvalencia.com\/it\/wp-json\/wp\/v2\/types\/page"}],"author":[{"embeddable":true,"href":"https:\/\/santosjuanesvalencia.com\/it\/wp-json\/wp\/v2\/users\/1"}],"replies":[{"embeddable":true,"href":"https:\/\/santosjuanesvalencia.com\/it\/wp-json\/wp\/v2\/comments?post=1510"}],"version-history":[{"count":3,"href":"https:\/\/santosjuanesvalencia.com\/it\/wp-json\/wp\/v2\/pages\/1510\/revisions"}],"predecessor-version":[{"id":1514,"href":"https:\/\/santosjuanesvalencia.com\/it\/wp-json\/wp\/v2\/pages\/1510\/revisions\/1514"}],"wp:featuredmedia":[{"embeddable":true,"href":"https:\/\/santosjuanesvalencia.com\/it\/wp-json\/wp\/v2\/media\/1509"}],"wp:attachment":[{"href":"https:\/\/santosjuanesvalencia.com\/it\/wp-json\/wp\/v2\/media?parent=1510"}],"curies":[{"name":"wp","href":"https:\/\/api.w.org\/{rel}","templated":true}]}}